{"id":220,"date":"2024-10-18T17:30:04","date_gmt":"2024-10-18T21:30:04","guid":{"rendered":"https:\/\/jonasandthejaguarmoon.com\/privacy-policy\/"},"modified":"2024-11-07T12:45:54","modified_gmt":"2024-11-07T17:45:54","slug":"politique-de-confidentialite","status":"publish","type":"page","link":"https:\/\/jonasandthejaguarmoon.com\/fr\/politique-de-confidentialite\/","title":{"rendered":"Politique de confidentialit\u00e9"},"content":{"rendered":"\r\n<p>Cette Politique de confidentialit\u00e9 d\u00e9crit la mani\u00e8re dont Jonas and The Jaguar Moon (\u00ab nous \u00bb, \u00ab notre \u00bb ou \u00ab nos \u00bb) collecte, utilise et divulgue des informations lorsque vous utilisez notre site web jonasandthejaguarmoon.com (le \u00ab Site \u00bb).<\/p>\r\n<p><strong>Informations que nous ne collectons pas:<\/strong><\/p>\r\n<p>Nous ne collectons aucune information permettant votre identification personnelle (IIP) lorsque vous visitez notre site web. L\u2019IIP inclut des informations telles que votre nom, votre adresse, votre num\u00e9ro de t\u00e9l\u00e9phone ou votre adresse e-mail.<\/p>\r\n<p><strong>Utilisation de fichiers t\u00e9moins (\u00ab cookies \u00bb)<\/strong><\/p>\r\n<p>Le pr\u00e9sent site ne place aucun fichier t\u00e9moin (\u00ab cookie \u00bb) permanent dans les disques durs des ordinateurs des visiteurs, mais uniquement un fichier t\u00e9moin temporaire requis pour am\u00e9liorer la performance de certaines fonctionnalit\u00e9s du site.<\/p>\r\n<p><strong>Informations \u00e9chang\u00e9es automatiquement<\/strong><\/p>\r\n<p>Lorsque vous acc\u00e9dez a notre site, votre ordinateur et le serveur du site \u00e9changent automatiquement des informations. Cette communication est n\u00e9cessaire pour que le serveur transmette un fichier compatible avec l\u2019\u00e9quipement informatique que vous utilisez. Les informations \u00e9chang\u00e9es sont les suivantes :<\/p>\r\n<ul>\r\n<li>le nom de domaine de votre fournisseur d\u2019acc\u00e8s \u00e0 Internet;<\/li>\r\n<li>votre adresse IP, num\u00e9ro unique assign\u00e9 \u00e0 votre ordinateur lorsqu\u2019il est connect\u00e9 au r\u00e9seau Internet;<\/li>\r\n<li>le type de navigateur et de syst\u00e8me d\u2019exploitation utilis\u00e9s;<\/li>\r\n<li>la date et l\u2019heure de la visite;<\/li>\r\n<li>les pages que vous consultez;<\/li>\r\n<li>l\u2019adresse du site r\u00e9f\u00e9rent, si vous acc\u00e9dez a notre site \u00e0 partir d\u2019un autre site.<\/li>\r\n<\/ul>\r\n<p>Ces informations sont conserv\u00e9es et exploit\u00e9es \u00e0 des fins techniques et statistiques. Elles servent \u00e0 comptabiliser le nombre de visites, les pages les plus fr\u00e9quent\u00e9es, la technologie utilis\u00e9e par les visiteurs, les sites r\u00e9f\u00e9rents et le pays d\u2019origine des visiteurs.<\/p>\r\n<p><strong>Liens vers des tiers:<\/strong><\/p>\r\n<p>Notre site web peut contenir des liens vers des sites web de tiers. Veuillez noter que nous n\u2019avons aucun contr\u00f4le sur les pratiques de confidentialit\u00e9 de ces sites. Nous vous encourageons \u00e0 consulter les politiques de confidentialit\u00e9 de chaque site que vous visitez.<\/p>\r\n<p><strong>Coordonn\u00e9es:<\/strong><\/p>\r\n<p><strong>Jean-S\u00e9bastien H\u00e9bert-Brunelle<\/strong><\/p>\r\n<p><a href=\"mailto:js@fiercetalentagency.com\" target=\"_blank\" rel=\"noopener\">js@fiercetalentagency.com<\/a><br \/><a href=\"tel:514-781-8559\" target=\"_blank\" rel=\"noopener\">514-781-8559<\/a><\/p>\r\n<p>&nbsp;<\/p>","protected":false},"excerpt":{"rendered":"<p>Cette Politique de confidentialit\u00e9 d\u00e9crit la mani\u00e8re dont Jonas and The Jaguar Moon (\u00ab nous \u00bb, \u00ab notre \u00bb ou \u00ab nos \u00bb) collecte, utilise et divulgue des informations lorsque vous utilisez notre site web jonasandthejaguarmoon.com (le \u00ab Site \u00bb). Informations que nous ne collectons pas: Nous ne collectons aucune information permettant votre identification personnelle&hellip;<\/p>\n","protected":false},"author":1,"featured_media":0,"parent":0,"menu_order":0,"comment_status":"closed","ping_status":"closed","template":"","meta":{"footnotes":""},"class_list":["post-220","page","type-page","status-publish","hentry","description-off"],"yoast_head":"<!-- This site is optimized with the Yoast SEO plugin v25.3 - https:\/\/yoast.com\/wordpress\/plugins\/seo\/ -->\n<title>Politique de confidentialit\u00e9 - Jonas &amp; the Jaguar Moon<\/title>\n<meta name=\"robots\" content=\"index, follow, max-snippet:-1, max-image-preview:large, max-video-preview:-1\" \/>\n<link rel=\"canonical\" href=\"https:\/\/jonasandthejaguarmoon.com\/fr\/politique-de-confidentialite\/\" \/>\n<meta property=\"og:locale\" content=\"fr_FR\" \/>\n<meta property=\"og:type\" content=\"article\" \/>\n<meta property=\"og:title\" content=\"Politique de confidentialit\u00e9 - Jonas &amp; the Jaguar Moon\" \/>\n<meta property=\"og:description\" content=\"Cette Politique de confidentialit\u00e9 d\u00e9crit la mani\u00e8re dont Jonas and The Jaguar Moon (\u00ab nous \u00bb, \u00ab notre \u00bb ou \u00ab nos \u00bb) collecte, utilise et divulgue des informations lorsque vous utilisez notre site web jonasandthejaguarmoon.com (le \u00ab Site \u00bb). Informations que nous ne collectons pas: Nous ne collectons aucune information permettant votre identification personnelle&hellip;\" \/>\n<meta property=\"og:url\" content=\"https:\/\/jonasandthejaguarmoon.com\/fr\/politique-de-confidentialite\/\" \/>\n<meta property=\"og:site_name\" content=\"Jonas &amp; the Jaguar Moon\" \/>\n<meta property=\"article:publisher\" content=\"https:\/\/www.facebook.com\/jonasandthejaguarmoon\" \/>\n<meta property=\"article:modified_time\" content=\"2024-11-07T17:45:54+00:00\" \/>\n<meta name=\"twitter:card\" content=\"summary_large_image\" \/>\n<meta name=\"twitter:site\" content=\"@jtomalty\" \/>\n<meta name=\"twitter:label1\" content=\"Dur\u00e9e de lecture estim\u00e9e\" \/>\n\t<meta name=\"twitter:data1\" content=\"2 minutes\" \/>\n<script type=\"application\/ld+json\" class=\"yoast-schema-graph\">{\"@context\":\"https:\/\/schema.org\",\"@graph\":[{\"@type\":\"WebPage\",\"@id\":\"https:\/\/jonasandthejaguarmoon.com\/fr\/politique-de-confidentialite\/\",\"url\":\"https:\/\/jonasandthejaguarmoon.com\/fr\/politique-de-confidentialite\/\",\"name\":\"Politique de confidentialit\u00e9 - Jonas &amp; the Jaguar Moon\",\"isPartOf\":{\"@id\":\"https:\/\/jonasandthejaguarmoon.com\/fr\/#website\"},\"datePublished\":\"2024-10-18T21:30:04+00:00\",\"dateModified\":\"2024-11-07T17:45:54+00:00\",\"breadcrumb\":{\"@id\":\"https:\/\/jonasandthejaguarmoon.com\/fr\/politique-de-confidentialite\/#breadcrumb\"},\"inLanguage\":\"fr-FR\",\"potentialAction\":[{\"@type\":\"ReadAction\",\"target\":[\"https:\/\/jonasandthejaguarmoon.com\/fr\/politique-de-confidentialite\/\"]}]},{\"@type\":\"BreadcrumbList\",\"@id\":\"https:\/\/jonasandthejaguarmoon.com\/fr\/politique-de-confidentialite\/#breadcrumb\",\"itemListElement\":[{\"@type\":\"ListItem\",\"position\":1,\"name\":\"Home\",\"item\":\"https:\/\/jonasandthejaguarmoon.com\/fr\/\"},{\"@type\":\"ListItem\",\"position\":2,\"name\":\"Politique de confidentialit\u00e9\"}]},{\"@type\":\"WebSite\",\"@id\":\"https:\/\/jonasandthejaguarmoon.com\/fr\/#website\",\"url\":\"https:\/\/jonasandthejaguarmoon.com\/fr\/\",\"name\":\"Jonas & The Jaguar Moon\",\"description\":\"Rocker Jonas is Back With a Brand New Band!\",\"publisher\":{\"@id\":\"https:\/\/jonasandthejaguarmoon.com\/fr\/#organization\"},\"potentialAction\":[{\"@type\":\"SearchAction\",\"target\":{\"@type\":\"EntryPoint\",\"urlTemplate\":\"https:\/\/jonasandthejaguarmoon.com\/fr\/?s={search_term_string}\"},\"query-input\":{\"@type\":\"PropertyValueSpecification\",\"valueRequired\":true,\"valueName\":\"search_term_string\"}}],\"inLanguage\":\"fr-FR\"},{\"@type\":\"Organization\",\"@id\":\"https:\/\/jonasandthejaguarmoon.com\/fr\/#organization\",\"name\":\"Jonas & The Jaguar Moon\",\"url\":\"https:\/\/jonasandthejaguarmoon.com\/fr\/\",\"logo\":{\"@type\":\"ImageObject\",\"inLanguage\":\"fr-FR\",\"@id\":\"https:\/\/jonasandthejaguarmoon.com\/fr\/#\/schema\/logo\/image\/\",\"url\":\"https:\/\/jonasandthejaguarmoon.com\/wp-content\/uploads\/2024\/10\/Jonas-And-The-Jaguar-Moon-152x152-1.png\",\"contentUrl\":\"https:\/\/jonasandthejaguarmoon.com\/wp-content\/uploads\/2024\/10\/Jonas-And-The-Jaguar-Moon-152x152-1.png\",\"width\":152,\"height\":152,\"caption\":\"Jonas & The Jaguar Moon\"},\"image\":{\"@id\":\"https:\/\/jonasandthejaguarmoon.com\/fr\/#\/schema\/logo\/image\/\"},\"sameAs\":[\"https:\/\/www.facebook.com\/jonasandthejaguarmoon\",\"https:\/\/x.com\/jtomalty\",\"https:\/\/www.instagram.com\/jonastomalty\/\",\"https:\/\/open.spotify.com\/album\/2RHbt5x750f5T107t5OM8I\",\"https:\/\/www.youtube.com\/@iamjonastomalty\",\"https:\/\/found.ee\/JonastheJaguarMoon_Believer?fbclid=PAZXh0bgNhZW0CMTEAAabcERGYswX27UAkrQCeylkiObBnNKwSWwyINyzg4iSuopNA6BzK5fV7Sns_aem__dk7h5B5I0R8n24d_sasZQ\"]}]}<\/script>\n<!-- \/ Yoast SEO plugin. -->","yoast_head_json":{"title":"Politique de confidentialit\u00e9 - Jonas &amp; the Jaguar Moon","robots":{"index":"index","follow":"follow","max-snippet":"max-snippet:-1","max-image-preview":"max-image-preview:large","max-video-preview":"max-video-preview:-1"},"canonical":"https:\/\/jonasandthejaguarmoon.com\/fr\/politique-de-confidentialite\/","og_locale":"fr_FR","og_type":"article","og_title":"Politique de confidentialit\u00e9 - Jonas &amp; the Jaguar Moon","og_description":"Cette Politique de confidentialit\u00e9 d\u00e9crit la mani\u00e8re dont Jonas and The Jaguar Moon (\u00ab nous \u00bb, \u00ab notre \u00bb ou \u00ab nos \u00bb) collecte, utilise et divulgue des informations lorsque vous utilisez notre site web jonasandthejaguarmoon.com (le \u00ab Site \u00bb). Informations que nous ne collectons pas: Nous ne collectons aucune information permettant votre identification personnelle&hellip;","og_url":"https:\/\/jonasandthejaguarmoon.com\/fr\/politique-de-confidentialite\/","og_site_name":"Jonas &amp; the Jaguar Moon","article_publisher":"https:\/\/www.facebook.com\/jonasandthejaguarmoon","article_modified_time":"2024-11-07T17:45:54+00:00","twitter_card":"summary_large_image","twitter_site":"@jtomalty","twitter_misc":{"Dur\u00e9e de lecture estim\u00e9e":"2 minutes"},"schema":{"@context":"https:\/\/schema.org","@graph":[{"@type":"WebPage","@id":"https:\/\/jonasandthejaguarmoon.com\/fr\/politique-de-confidentialite\/","url":"https:\/\/jonasandthejaguarmoon.com\/fr\/politique-de-confidentialite\/","name":"Politique de confidentialit\u00e9 - Jonas &amp; the Jaguar Moon","isPartOf":{"@id":"https:\/\/jonasandthejaguarmoon.com\/fr\/#website"},"datePublished":"2024-10-18T21:30:04+00:00","dateModified":"2024-11-07T17:45:54+00:00","breadcrumb":{"@id":"https:\/\/jonasandthejaguarmoon.com\/fr\/politique-de-confidentialite\/#breadcrumb"},"inLanguage":"fr-FR","potentialAction":[{"@type":"ReadAction","target":["https:\/\/jonasandthejaguarmoon.com\/fr\/politique-de-confidentialite\/"]}]},{"@type":"BreadcrumbList","@id":"https:\/\/jonasandthejaguarmoon.com\/fr\/politique-de-confidentialite\/#breadcrumb","itemListElement":[{"@type":"ListItem","position":1,"name":"Home","item":"https:\/\/jonasandthejaguarmoon.com\/fr\/"},{"@type":"ListItem","position":2,"name":"Politique de confidentialit\u00e9"}]},{"@type":"WebSite","@id":"https:\/\/jonasandthejaguarmoon.com\/fr\/#website","url":"https:\/\/jonasandthejaguarmoon.com\/fr\/","name":"Jonas & The Jaguar Moon","description":"Rocker Jonas is Back With a Brand New Band!","publisher":{"@id":"https:\/\/jonasandthejaguarmoon.com\/fr\/#organization"},"potentialAction":[{"@type":"SearchAction","target":{"@type":"EntryPoint","urlTemplate":"https:\/\/jonasandthejaguarmoon.com\/fr\/?s={search_term_string}"},"query-input":{"@type":"PropertyValueSpecification","valueRequired":true,"valueName":"search_term_string"}}],"inLanguage":"fr-FR"},{"@type":"Organization","@id":"https:\/\/jonasandthejaguarmoon.com\/fr\/#organization","name":"Jonas & The Jaguar Moon","url":"https:\/\/jonasandthejaguarmoon.com\/fr\/","logo":{"@type":"ImageObject","inLanguage":"fr-FR","@id":"https:\/\/jonasandthejaguarmoon.com\/fr\/#\/schema\/logo\/image\/","url":"https:\/\/jonasandthejaguarmoon.com\/wp-content\/uploads\/2024\/10\/Jonas-And-The-Jaguar-Moon-152x152-1.png","contentUrl":"https:\/\/jonasandthejaguarmoon.com\/wp-content\/uploads\/2024\/10\/Jonas-And-The-Jaguar-Moon-152x152-1.png","width":152,"height":152,"caption":"Jonas & The Jaguar Moon"},"image":{"@id":"https:\/\/jonasandthejaguarmoon.com\/fr\/#\/schema\/logo\/image\/"},"sameAs":["https:\/\/www.facebook.com\/jonasandthejaguarmoon","https:\/\/x.com\/jtomalty","https:\/\/www.instagram.com\/jonastomalty\/","https:\/\/open.spotify.com\/album\/2RHbt5x750f5T107t5OM8I","https:\/\/www.youtube.com\/@iamjonastomalty","https:\/\/found.ee\/JonastheJaguarMoon_Believer?fbclid=PAZXh0bgNhZW0CMTEAAabcERGYswX27UAkrQCeylkiObBnNKwSWwyINyzg4iSuopNA6BzK5fV7Sns_aem__dk7h5B5I0R8n24d_sasZQ"]}]}},"_links":{"self":[{"href":"https:\/\/jonasandthejaguarmoon.com\/fr\/wp-json\/wp\/v2\/pages\/220","targetHints":{"allow":["GET"]}}],"collection":[{"href":"https:\/\/jonasandthejaguarmoon.com\/fr\/wp-json\/wp\/v2\/pages"}],"about":[{"href":"https:\/\/jonasandthejaguarmoon.com\/fr\/wp-json\/wp\/v2\/types\/page"}],"author":[{"embeddable":true,"href":"https:\/\/jonasandthejaguarmoon.com\/fr\/wp-json\/wp\/v2\/users\/1"}],"replies":[{"embeddable":true,"href":"https:\/\/jonasandthejaguarmoon.com\/fr\/wp-json\/wp\/v2\/comments?post=220"}],"version-history":[{"count":3,"href":"https:\/\/jonasandthejaguarmoon.com\/fr\/wp-json\/wp\/v2\/pages\/220\/revisions"}],"predecessor-version":[{"id":224,"href":"https:\/\/jonasandthejaguarmoon.com\/fr\/wp-json\/wp\/v2\/pages\/220\/revisions\/224"}],"wp:attachment":[{"href":"https:\/\/jonasandthejaguarmoon.com\/fr\/wp-json\/wp\/v2\/media?parent=220"}],"curies":[{"name":"wp","href":"https:\/\/api.w.org\/{rel}","templated":true}]}}