{"id":229,"date":"2024-10-22T21:01:10","date_gmt":"2024-10-23T01:01:10","guid":{"rendered":"https:\/\/jonasandthejaguarmoon.com\/about\/"},"modified":"2024-11-07T14:20:07","modified_gmt":"2024-11-07T19:20:07","slug":"a-propos","status":"publish","type":"page","link":"https:\/\/jonasandthejaguarmoon.com\/fr\/a-propos\/","title":{"rendered":"\u00c0 propos"},"content":{"rendered":"<div class=\"wpb-content-wrapper\"><p>[vc_row css=\u00a0\u00bb.vc_custom_1729645207694{margin-bottom: 30px !important;}\u00a0\u00bb][vc_column][vc_column_text css=\u00a0\u00bb\u00a0\u00bb]<\/p>\n<h1>L\u00e9gende du rock n\u2019 roll, Jonas (Tomalty) revient \u00e0 ses racines avec un tout nouveau groupe \u201cAll-star\u201d, Jonas &amp; The Jaguar Moon.<\/h1>\n<p>[\/vc_column_text][vc_column_text css=\u00a0\u00bb\u00a0\u00bb]<img loading=\"lazy\" decoding=\"async\" class=\"alignnone size-full wp-image-24\" src=\"https:\/\/jonasandthejaguarmoon.com\/wp-content\/uploads\/2024\/10\/Jaguar-Moon-Band-Promo-01.jpg\" alt=\"Jonas &amp; The Jaguar Moon Band\" width=\"1920\" height=\"1280\" srcset=\"https:\/\/jonasandthejaguarmoon.com\/wp-content\/uploads\/2024\/10\/Jaguar-Moon-Band-Promo-01.jpg 1920w, https:\/\/jonasandthejaguarmoon.com\/wp-content\/uploads\/2024\/10\/Jaguar-Moon-Band-Promo-01-300x200.jpg 300w, https:\/\/jonasandthejaguarmoon.com\/wp-content\/uploads\/2024\/10\/Jaguar-Moon-Band-Promo-01-768x512.jpg 768w, https:\/\/jonasandthejaguarmoon.com\/wp-content\/uploads\/2024\/10\/Jaguar-Moon-Band-Promo-01-1536x1024.jpg 1536w\" sizes=\"auto, (max-width: 1920px) 100vw, 1920px\" \/>[\/vc_column_text][vc_column_text css=\u00a0\u00bb\u00a0\u00bb]Le groupe a pass\u00e9 l\u2019\u00e9t\u00e9 2024 \u00e0 enregistrer leur premier album sous la direction du producteur, mixeur et ing\u00e9nieur <a href=\"https:\/\/www.instagram.com\/dave_schiffman\/?hl=en\" target=\"_blank\" rel=\"noopener\">Dave Schiffman<\/a> (Red Hot Chilli Peppers, Audioslave, Chris Cornell&#8230;) Le fruit cr\u00e9atif de <a href=\"https:\/\/jonasandthejaguarmoon.com\/wp-content\/uploads\/2024\/10\/EPK-JONAS-TOMALTY-WEB.pdf\" target=\"_blank\" rel=\"noopener\">Jonas<\/a> et du guitariste Steve Nadeau, associ\u00e9 aux puissants rythmes de Francis Fug\u00e8re et Alexandre Lapointe, puise dans leur amour commun des sonorit\u00e9s de la r\u00e9volution rock des ann\u00e9es 60 et 70, avec un clin d\u2019\u0153il \u00e0 l\u2019\u00e9poque de leurs d\u00e9buts, impr\u00e9gn\u00e9e du grunge des ann\u00e9es 90. La transition de la performance \u00e0 l\u2019enregistrement ne laisse rien au hasard. L\u2019\u00e9nergie a \u00e9t\u00e9 captur\u00e9e. Du rock \u00e0 son \u00e9tat pur.<\/p>\n<p>Fid\u00e8les au processus \u201cold school\u201d, tous les morceaux ont \u00e9t\u00e9 envoy\u00e9s \u00e0 travers une console Neve des ann\u00e9es 60, enregistr\u00e9s sur des bandes et grav\u00e9s directement sur vinyle pour l\u2019impression finale. Cette exp\u00e9rience analogique est rare de nos jours, et donne \u00e0 l\u2019album un son et une \u00e9nergie unique en son genre.[\/vc_column_text][vc_column_text css=\u00a0\u00bb\u00a0\u00bb]<img loading=\"lazy\" decoding=\"async\" class=\"alignnone size-full wp-image-82\" src=\"https:\/\/jonasandthejaguarmoon.com\/wp-content\/uploads\/2024\/10\/Jaguar-Moon-Band-Promo-02.jpg\" alt=\"Jonas &amp; The Jaguar Moon\" width=\"1920\" height=\"1280\" srcset=\"https:\/\/jonasandthejaguarmoon.com\/wp-content\/uploads\/2024\/10\/Jaguar-Moon-Band-Promo-02.jpg 1920w, https:\/\/jonasandthejaguarmoon.com\/wp-content\/uploads\/2024\/10\/Jaguar-Moon-Band-Promo-02-300x200.jpg 300w, https:\/\/jonasandthejaguarmoon.com\/wp-content\/uploads\/2024\/10\/Jaguar-Moon-Band-Promo-02-768x512.jpg 768w, https:\/\/jonasandthejaguarmoon.com\/wp-content\/uploads\/2024\/10\/Jaguar-Moon-Band-Promo-02-1536x1024.jpg 1536w\" sizes=\"auto, (max-width: 1920px) 100vw, 1920px\" \/>[\/vc_column_text][\/vc_column][\/vc_row][vc_row css=\u00a0\u00bb.vc_custom_1729713880429{padding-top: 30px !important;}\u00a0\u00bb][vc_column]<style type=\"text\/css\" data-type=\"the7_shortcodes-inline-css\">#default-btn-88606e937ee75d408bd46b7b08fff012 {\n  border-radius: 1px;\n  font-size: 24px;\n  line-height: 26px;\n}\n.btn-shadow#default-btn-88606e937ee75d408bd46b7b08fff012 {\n  box-shadow: 0 1px 6px rgba(0,0,0,0.12);\n  transition: box-shadow 0.2s ease-out, opacity 0.45s;\n}\n.btn-shadow#default-btn-88606e937ee75d408bd46b7b08fff012:hover {\n  box-shadow: 0 5px 11px 0 rgba(0,0,0,0.18), 0 4px 15px 0 rgba(0,0,0,0.15);\n}\n.btn-3d#default-btn-88606e937ee75d408bd46b7b08fff012 {\n  box-shadow: 0px 2px 0px 0px #000000;\n}\n.btn-3d#default-btn-88606e937ee75d408bd46b7b08fff012:hover {\n  box-shadow: 0px 2px 0px 0px #000000;\n}\n.btn-flat#default-btn-88606e937ee75d408bd46b7b08fff012 {\n  box-shadow: none;\n}\n.btn-flat#default-btn-88606e937ee75d408bd46b7b08fff012:hover {\n  box-shadow: none;\n}\n#default-btn-88606e937ee75d408bd46b7b08fff012.ico-right-side > i {\n  margin-right: 0px;\n  margin-left: 8px;\n}\n#default-btn-88606e937ee75d408bd46b7b08fff012 > i {\n  margin-right: 8px;\n  font-size: 20px;\n}\n#default-btn-88606e937ee75d408bd46b7b08fff012:not(:hover) {\n  border-width: 1px;\n  border-color: #f9e393 !important;\n  color: #f9e393;\n  background: #000000 !important;\n  padding: 25px 35px 25px 35px;\n}\n#default-btn-88606e937ee75d408bd46b7b08fff012:not(:hover) * {\n  color: #f9e393;\n}\n#default-btn-88606e937ee75d408bd46b7b08fff012:hover {\n  border-width: 1px;\n  border-color: #004995 !important;\n  color: #004995;\n  background: #000000 !important;\n  padding: 25px 35px 25px 35px;\n}\n#default-btn-88606e937ee75d408bd46b7b08fff012:hover * {\n  color: #004995;\n}\n#default-btn-88606e937ee75d408bd46b7b08fff012.ico-right-side > i {\n  margin-right: 0px;\n  margin-left: 8px;\n}\n#default-btn-88606e937ee75d408bd46b7b08fff012 > i {\n  margin-right: 8px;\n}\n<\/style><div class=\"btn-align-center\"><a href=\"https:\/\/jonasandthejaguarmoon.com\/fr\/equipe\/\" class=\"default-btn-shortcode dt-btn fadeIn animate-element animation-builder link-hover-off ico-right-side btn-flat \" id=\"default-btn-88606e937ee75d408bd46b7b08fff012\" title=\"Team\"><span>BILLETS ET INFORMATIONS<\/span><i class=\"icomoon-the7-font-the7-arrow-29\"><\/i><\/a><\/div>[\/vc_column][\/vc_row]<\/p>\n<\/div>","protected":false},"excerpt":{"rendered":"<p>[vc_row css=\u00a0\u00bb.vc_custom_1729645207694{margin-bottom: 30px !important;}\u00a0\u00bb][vc_column][vc_column_text css=\u00a0\u00bb\u00a0\u00bb] L\u00e9gende du rock n\u2019 roll, Jonas (Tomalty) revient \u00e0 ses racines avec un tout nouveau groupe \u201cAll-star\u201d, Jonas &amp; The Jaguar Moon. [\/vc_column_text][vc_column_text css=\u00a0\u00bb\u00a0\u00bb][\/vc_column_text][vc_column_text css=\u00a0\u00bb\u00a0\u00bb]Le groupe a pass\u00e9 l\u2019\u00e9t\u00e9 2024 \u00e0 enregistrer leur premier album sous la direction du producteur, mixeur et ing\u00e9nieur Dave Schiffman (Red Hot Chilli Peppers, Audioslave,&hellip;<\/p>\n","protected":false},"author":1,"featured_media":266,"parent":0,"menu_order":0,"comment_status":"closed","ping_status":"closed","template":"","meta":{"footnotes":""},"class_list":["post-229","page","type-page","status-publish","has-post-thumbnail","hentry","description-off"],"yoast_head":"<!-- This site is optimized with the Yoast SEO plugin v25.3 - https:\/\/yoast.com\/wordpress\/plugins\/seo\/ -->\n<title>\u00c0 propos - Jonas &amp; the Jaguar Moon<\/title>\n<meta name=\"description\" content=\"Jonas &amp; The Jaguar Moon est le projet cr\u00e9atif de Jonas et du guitariste Steve Nadeau, avec Francis Fug\u00e8re et Alexandre Lapointe.\" \/>\n<meta name=\"robots\" content=\"index, follow, max-snippet:-1, max-image-preview:large, max-video-preview:-1\" \/>\n<link rel=\"canonical\" href=\"https:\/\/jonasandthejaguarmoon.com\/fr\/a-propos\/\" \/>\n<meta property=\"og:locale\" content=\"fr_FR\" \/>\n<meta property=\"og:type\" content=\"article\" \/>\n<meta property=\"og:title\" content=\"\u00c0 propos - Jonas &amp; the Jaguar Moon\" \/>\n<meta property=\"og:description\" content=\"Jonas &amp; The Jaguar Moon est le projet cr\u00e9atif de Jonas et du guitariste Steve Nadeau, avec Francis Fug\u00e8re et Alexandre Lapointe.\" \/>\n<meta property=\"og:url\" content=\"https:\/\/jonasandthejaguarmoon.com\/fr\/a-propos\/\" \/>\n<meta property=\"og:site_name\" content=\"Jonas &amp; the Jaguar Moon\" \/>\n<meta property=\"article:publisher\" content=\"https:\/\/www.facebook.com\/jonasandthejaguarmoon\" \/>\n<meta property=\"article:modified_time\" content=\"2024-11-07T19:20:07+00:00\" \/>\n<meta property=\"og:image\" content=\"https:\/\/jonasandthejaguarmoon.com\/wp-content\/uploads\/2024\/11\/Jonas-and-the-Jaguar-Moon-Band-Featured.jpg\" \/>\n\t<meta property=\"og:image:width\" content=\"1200\" \/>\n\t<meta property=\"og:image:height\" content=\"628\" \/>\n\t<meta property=\"og:image:type\" content=\"image\/jpeg\" \/>\n<meta name=\"twitter:card\" content=\"summary_large_image\" \/>\n<meta name=\"twitter:site\" content=\"@jtomalty\" \/>\n<meta name=\"twitter:label1\" content=\"Dur\u00e9e de lecture estim\u00e9e\" \/>\n\t<meta name=\"twitter:data1\" content=\"2 minutes\" \/>\n<script type=\"application\/ld+json\" class=\"yoast-schema-graph\">{\"@context\":\"https:\/\/schema.org\",\"@graph\":[{\"@type\":\"WebPage\",\"@id\":\"https:\/\/jonasandthejaguarmoon.com\/fr\/a-propos\/\",\"url\":\"https:\/\/jonasandthejaguarmoon.com\/fr\/a-propos\/\",\"name\":\"\u00c0 propos - Jonas &amp; the Jaguar Moon\",\"isPartOf\":{\"@id\":\"https:\/\/jonasandthejaguarmoon.com\/fr\/#website\"},\"primaryImageOfPage\":{\"@id\":\"https:\/\/jonasandthejaguarmoon.com\/fr\/a-propos\/#primaryimage\"},\"image\":{\"@id\":\"https:\/\/jonasandthejaguarmoon.com\/fr\/a-propos\/#primaryimage\"},\"thumbnailUrl\":\"https:\/\/jonasandthejaguarmoon.com\/wp-content\/uploads\/2024\/11\/Jonas-and-the-Jaguar-Moon-Band-Featured.jpg\",\"datePublished\":\"2024-10-23T01:01:10+00:00\",\"dateModified\":\"2024-11-07T19:20:07+00:00\",\"description\":\"Jonas & The Jaguar Moon est le projet cr\u00e9atif de Jonas et du guitariste Steve Nadeau, avec Francis Fug\u00e8re et Alexandre Lapointe.\",\"breadcrumb\":{\"@id\":\"https:\/\/jonasandthejaguarmoon.com\/fr\/a-propos\/#breadcrumb\"},\"inLanguage\":\"fr-FR\",\"potentialAction\":[{\"@type\":\"ReadAction\",\"target\":[\"https:\/\/jonasandthejaguarmoon.com\/fr\/a-propos\/\"]}]},{\"@type\":\"ImageObject\",\"inLanguage\":\"fr-FR\",\"@id\":\"https:\/\/jonasandthejaguarmoon.com\/fr\/a-propos\/#primaryimage\",\"url\":\"https:\/\/jonasandthejaguarmoon.com\/wp-content\/uploads\/2024\/11\/Jonas-and-the-Jaguar-Moon-Band-Featured.jpg\",\"contentUrl\":\"https:\/\/jonasandthejaguarmoon.com\/wp-content\/uploads\/2024\/11\/Jonas-and-the-Jaguar-Moon-Band-Featured.jpg\",\"width\":1200,\"height\":628,\"caption\":\"Jonas and The Jaguar Moon\"},{\"@type\":\"BreadcrumbList\",\"@id\":\"https:\/\/jonasandthejaguarmoon.com\/fr\/a-propos\/#breadcrumb\",\"itemListElement\":[{\"@type\":\"ListItem\",\"position\":1,\"name\":\"Home\",\"item\":\"https:\/\/jonasandthejaguarmoon.com\/fr\/\"},{\"@type\":\"ListItem\",\"position\":2,\"name\":\"\u00c0 propos\"}]},{\"@type\":\"WebSite\",\"@id\":\"https:\/\/jonasandthejaguarmoon.com\/fr\/#website\",\"url\":\"https:\/\/jonasandthejaguarmoon.com\/fr\/\",\"name\":\"Jonas & The Jaguar Moon\",\"description\":\"Rocker Jonas is Back With a Brand New Band!\",\"publisher\":{\"@id\":\"https:\/\/jonasandthejaguarmoon.com\/fr\/#organization\"},\"potentialAction\":[{\"@type\":\"SearchAction\",\"target\":{\"@type\":\"EntryPoint\",\"urlTemplate\":\"https:\/\/jonasandthejaguarmoon.com\/fr\/?s={search_term_string}\"},\"query-input\":{\"@type\":\"PropertyValueSpecification\",\"valueRequired\":true,\"valueName\":\"search_term_string\"}}],\"inLanguage\":\"fr-FR\"},{\"@type\":\"Organization\",\"@id\":\"https:\/\/jonasandthejaguarmoon.com\/fr\/#organization\",\"name\":\"Jonas & The Jaguar Moon\",\"url\":\"https:\/\/jonasandthejaguarmoon.com\/fr\/\",\"logo\":{\"@type\":\"ImageObject\",\"inLanguage\":\"fr-FR\",\"@id\":\"https:\/\/jonasandthejaguarmoon.com\/fr\/#\/schema\/logo\/image\/\",\"url\":\"https:\/\/jonasandthejaguarmoon.com\/wp-content\/uploads\/2024\/10\/Jonas-And-The-Jaguar-Moon-152x152-1.png\",\"contentUrl\":\"https:\/\/jonasandthejaguarmoon.com\/wp-content\/uploads\/2024\/10\/Jonas-And-The-Jaguar-Moon-152x152-1.png\",\"width\":152,\"height\":152,\"caption\":\"Jonas & The Jaguar Moon\"},\"image\":{\"@id\":\"https:\/\/jonasandthejaguarmoon.com\/fr\/#\/schema\/logo\/image\/\"},\"sameAs\":[\"https:\/\/www.facebook.com\/jonasandthejaguarmoon\",\"https:\/\/x.com\/jtomalty\",\"https:\/\/www.instagram.com\/jonastomalty\/\",\"https:\/\/open.spotify.com\/album\/2RHbt5x750f5T107t5OM8I\",\"https:\/\/www.youtube.com\/@iamjonastomalty\",\"https:\/\/found.ee\/JonastheJaguarMoon_Believer?fbclid=PAZXh0bgNhZW0CMTEAAabcERGYswX27UAkrQCeylkiObBnNKwSWwyINyzg4iSuopNA6BzK5fV7Sns_aem__dk7h5B5I0R8n24d_sasZQ\"]}]}<\/script>\n<!-- \/ Yoast SEO plugin. -->","yoast_head_json":{"title":"\u00c0 propos - Jonas &amp; the Jaguar Moon","description":"Jonas & The Jaguar Moon est le projet cr\u00e9atif de Jonas et du guitariste Steve Nadeau, avec Francis Fug\u00e8re et Alexandre Lapointe.","robots":{"index":"index","follow":"follow","max-snippet":"max-snippet:-1","max-image-preview":"max-image-preview:large","max-video-preview":"max-video-preview:-1"},"canonical":"https:\/\/jonasandthejaguarmoon.com\/fr\/a-propos\/","og_locale":"fr_FR","og_type":"article","og_title":"\u00c0 propos - Jonas &amp; the Jaguar Moon","og_description":"Jonas & The Jaguar Moon est le projet cr\u00e9atif de Jonas et du guitariste Steve Nadeau, avec Francis Fug\u00e8re et Alexandre Lapointe.","og_url":"https:\/\/jonasandthejaguarmoon.com\/fr\/a-propos\/","og_site_name":"Jonas &amp; the Jaguar Moon","article_publisher":"https:\/\/www.facebook.com\/jonasandthejaguarmoon","article_modified_time":"2024-11-07T19:20:07+00:00","og_image":[{"width":1200,"height":628,"url":"https:\/\/jonasandthejaguarmoon.com\/wp-content\/uploads\/2024\/11\/Jonas-and-the-Jaguar-Moon-Band-Featured.jpg","type":"image\/jpeg"}],"twitter_card":"summary_large_image","twitter_site":"@jtomalty","twitter_misc":{"Dur\u00e9e de lecture estim\u00e9e":"2 minutes"},"schema":{"@context":"https:\/\/schema.org","@graph":[{"@type":"WebPage","@id":"https:\/\/jonasandthejaguarmoon.com\/fr\/a-propos\/","url":"https:\/\/jonasandthejaguarmoon.com\/fr\/a-propos\/","name":"\u00c0 propos - Jonas &amp; the Jaguar Moon","isPartOf":{"@id":"https:\/\/jonasandthejaguarmoon.com\/fr\/#website"},"primaryImageOfPage":{"@id":"https:\/\/jonasandthejaguarmoon.com\/fr\/a-propos\/#primaryimage"},"image":{"@id":"https:\/\/jonasandthejaguarmoon.com\/fr\/a-propos\/#primaryimage"},"thumbnailUrl":"https:\/\/jonasandthejaguarmoon.com\/wp-content\/uploads\/2024\/11\/Jonas-and-the-Jaguar-Moon-Band-Featured.jpg","datePublished":"2024-10-23T01:01:10+00:00","dateModified":"2024-11-07T19:20:07+00:00","description":"Jonas & The Jaguar Moon est le projet cr\u00e9atif de Jonas et du guitariste Steve Nadeau, avec Francis Fug\u00e8re et Alexandre Lapointe.","breadcrumb":{"@id":"https:\/\/jonasandthejaguarmoon.com\/fr\/a-propos\/#breadcrumb"},"inLanguage":"fr-FR","potentialAction":[{"@type":"ReadAction","target":["https:\/\/jonasandthejaguarmoon.com\/fr\/a-propos\/"]}]},{"@type":"ImageObject","inLanguage":"fr-FR","@id":"https:\/\/jonasandthejaguarmoon.com\/fr\/a-propos\/#primaryimage","url":"https:\/\/jonasandthejaguarmoon.com\/wp-content\/uploads\/2024\/11\/Jonas-and-the-Jaguar-Moon-Band-Featured.jpg","contentUrl":"https:\/\/jonasandthejaguarmoon.com\/wp-content\/uploads\/2024\/11\/Jonas-and-the-Jaguar-Moon-Band-Featured.jpg","width":1200,"height":628,"caption":"Jonas and The Jaguar Moon"},{"@type":"BreadcrumbList","@id":"https:\/\/jonasandthejaguarmoon.com\/fr\/a-propos\/#breadcrumb","itemListElement":[{"@type":"ListItem","position":1,"name":"Home","item":"https:\/\/jonasandthejaguarmoon.com\/fr\/"},{"@type":"ListItem","position":2,"name":"\u00c0 propos"}]},{"@type":"WebSite","@id":"https:\/\/jonasandthejaguarmoon.com\/fr\/#website","url":"https:\/\/jonasandthejaguarmoon.com\/fr\/","name":"Jonas & The Jaguar Moon","description":"Rocker Jonas is Back With a Brand New Band!","publisher":{"@id":"https:\/\/jonasandthejaguarmoon.com\/fr\/#organization"},"potentialAction":[{"@type":"SearchAction","target":{"@type":"EntryPoint","urlTemplate":"https:\/\/jonasandthejaguarmoon.com\/fr\/?s={search_term_string}"},"query-input":{"@type":"PropertyValueSpecification","valueRequired":true,"valueName":"search_term_string"}}],"inLanguage":"fr-FR"},{"@type":"Organization","@id":"https:\/\/jonasandthejaguarmoon.com\/fr\/#organization","name":"Jonas & The Jaguar Moon","url":"https:\/\/jonasandthejaguarmoon.com\/fr\/","logo":{"@type":"ImageObject","inLanguage":"fr-FR","@id":"https:\/\/jonasandthejaguarmoon.com\/fr\/#\/schema\/logo\/image\/","url":"https:\/\/jonasandthejaguarmoon.com\/wp-content\/uploads\/2024\/10\/Jonas-And-The-Jaguar-Moon-152x152-1.png","contentUrl":"https:\/\/jonasandthejaguarmoon.com\/wp-content\/uploads\/2024\/10\/Jonas-And-The-Jaguar-Moon-152x152-1.png","width":152,"height":152,"caption":"Jonas & The Jaguar Moon"},"image":{"@id":"https:\/\/jonasandthejaguarmoon.com\/fr\/#\/schema\/logo\/image\/"},"sameAs":["https:\/\/www.facebook.com\/jonasandthejaguarmoon","https:\/\/x.com\/jtomalty","https:\/\/www.instagram.com\/jonastomalty\/","https:\/\/open.spotify.com\/album\/2RHbt5x750f5T107t5OM8I","https:\/\/www.youtube.com\/@iamjonastomalty","https:\/\/found.ee\/JonastheJaguarMoon_Believer?fbclid=PAZXh0bgNhZW0CMTEAAabcERGYswX27UAkrQCeylkiObBnNKwSWwyINyzg4iSuopNA6BzK5fV7Sns_aem__dk7h5B5I0R8n24d_sasZQ"]}]}},"_links":{"self":[{"href":"https:\/\/jonasandthejaguarmoon.com\/fr\/wp-json\/wp\/v2\/pages\/229","targetHints":{"allow":["GET"]}}],"collection":[{"href":"https:\/\/jonasandthejaguarmoon.com\/fr\/wp-json\/wp\/v2\/pages"}],"about":[{"href":"https:\/\/jonasandthejaguarmoon.com\/fr\/wp-json\/wp\/v2\/types\/page"}],"author":[{"embeddable":true,"href":"https:\/\/jonasandthejaguarmoon.com\/fr\/wp-json\/wp\/v2\/users\/1"}],"replies":[{"embeddable":true,"href":"https:\/\/jonasandthejaguarmoon.com\/fr\/wp-json\/wp\/v2\/comments?post=229"}],"version-history":[{"count":5,"href":"https:\/\/jonasandthejaguarmoon.com\/fr\/wp-json\/wp\/v2\/pages\/229\/revisions"}],"predecessor-version":[{"id":252,"href":"https:\/\/jonasandthejaguarmoon.com\/fr\/wp-json\/wp\/v2\/pages\/229\/revisions\/252"}],"wp:featuredmedia":[{"embeddable":true,"href":"https:\/\/jonasandthejaguarmoon.com\/fr\/wp-json\/wp\/v2\/media\/266"}],"wp:attachment":[{"href":"https:\/\/jonasandthejaguarmoon.com\/fr\/wp-json\/wp\/v2\/media?parent=229"}],"curies":[{"name":"wp","href":"https:\/\/api.w.org\/{rel}","templated":true}]}}